{"id":3123,"date":"2020-07-15T15:49:44","date_gmt":"2020-07-15T15:49:44","guid":{"rendered":"https:\/\/europetrolgroup.com\/?page_id=3123"},"modified":"2020-07-23T09:26:59","modified_gmt":"2020-07-23T09:26:59","slug":"cards","status":"publish","type":"page","link":"https:\/\/europetrolgroup.com\/sq\/cards\/","title":{"rendered":"Kartat Elektronike"},"content":{"rendered":"<p>[vc_row][vc_column][vc_empty_space height=&#8221;50px&#8221;][\/vc_column][\/vc_row][vc_row][vc_column width=&#8221;1\/2&#8243;][vc_row_inner][vc_column_inner]\n    <div class=\" dustrial-stitle-69db36309fc14 section-title  wow fadeInLeft\">\n      <div class=\"section-thumb\"><img decoding=\"async\" src=\"https:\/\/europetrolgroup.com\/wp-content\/uploads\/2020\/07\/cards.png\" alt=\"title icon\"><\/div>\n      <div class=\"section-body\">\n        <h6 class=\"sub-title activeColor\">K\u00ebrko informacion<\/h6>\n        <h3 class=\"m-0 main-title\">Rreth Kartave<\/h3>\n      <\/div>\n    <\/div>\n\n  [vc_column_text css_animation=&#8221;fadeInLeft&#8221;]<strong class=\"activeColor\">P\u00ebr bizneset:<\/strong> Plot\u00ebsoni formularin ton\u00eb p\u00ebr t\u00eb marr\u00eb informacion t\u00eb plot\u00eb n\u00eb lidhje me kartat Nr. tel: +355 69 40 23 000 ose n\u00eb email ton\u00eb info@europetrolalbania.com ekipi yn\u00eb do t&#8217;ju ndihmoj\u00eb sa m\u00eb shpejt t\u00eb jet\u00eb e mundur.<br \/>\nPer porosi:<br \/>\nShumic\u00eb : +355 69 20 40 983<br \/>\nPakic\u00eb : +355 69 40 23 000[\/vc_column_text]\n<div class=\"wpcf7 no-js\" id=\"wpcf7-f464-o1\" lang=\"en-US\" dir=\"ltr\" data-wpcf7-id=\"464\">\n<div class=\"screen-reader-response\"><p role=\"status\" aria-live=\"polite\" aria-atomic=\"true\"><\/p> <ul><\/ul><\/div>\n<form action=\"\/sq\/wp-json\/wp\/v2\/pages\/3123#wpcf7-f464-o1\" method=\"post\" class=\"wpcf7-form init\" aria-label=\"Contact form\" novalidate=\"novalidate\" data-status=\"init\">\n<fieldset class=\"hidden-fields-container\"><input type=\"hidden\" name=\"_wpcf7\" value=\"464\" \/><input type=\"hidden\" name=\"_wpcf7_version\" value=\"6.1\" \/><input type=\"hidden\" name=\"_wpcf7_locale\" value=\"en_US\" \/><input type=\"hidden\" name=\"_wpcf7_unit_tag\" value=\"wpcf7-f464-o1\" \/><input type=\"hidden\" name=\"_wpcf7_container_post\" value=\"0\" \/><input type=\"hidden\" name=\"_wpcf7_posted_data_hash\" value=\"\" \/><input type=\"hidden\" name=\"lang\" value=\"sq\" \/>\n<\/fieldset>\n<div class=\"row ask_form_area\">\n\t<div class=\"col-md-6\">\n\t\t<div class=\"form-group\">\n\t\t\t<p><span class=\"wpcf7-form-control-wrap\" data-name=\"your-name\"><input size=\"40\" maxlength=\"400\" class=\"wpcf7-form-control wpcf7-text wpcf7-validates-as-required form-control rounded-0\" aria-required=\"true\" aria-invalid=\"false\" placeholder=\"First Name*\" value=\"\" type=\"text\" name=\"your-name\" \/><\/span>\n\t\t\t<\/p>\n\t\t<\/div>\n\t\t<div class=\"form-group\">\n\t\t\t<p><span class=\"wpcf7-form-control-wrap\" data-name=\"your-email\"><input size=\"40\" maxlength=\"400\" class=\"wpcf7-form-control wpcf7-email wpcf7-validates-as-required wpcf7-text wpcf7-validates-as-email form-control rounded-0\" aria-required=\"true\" aria-invalid=\"false\" placeholder=\"Last Name*\" value=\"\" type=\"email\" name=\"your-email\" \/><\/span>\n\t\t\t<\/p>\n\t\t<\/div>\n\t\t<div class=\"form-group\">\n\t\t\t<p><span class=\"wpcf7-form-control-wrap\" data-name=\"your-email\"><input size=\"40\" maxlength=\"400\" class=\"wpcf7-form-control wpcf7-email wpcf7-validates-as-required wpcf7-text wpcf7-validates-as-email form-control rounded-0\" aria-required=\"true\" aria-invalid=\"false\" placeholder=\"Email Address\" value=\"\" type=\"email\" name=\"your-email\" \/><\/span>\n\t\t\t<\/p>\n\t\t<\/div>\n\t<\/div>\n\t<div class=\"col-md-6\">\n\t\t<div class=\"form-group\">\n\t\t\t<p><span class=\"wpcf7-form-control-wrap\" data-name=\"your-message\"><textarea cols=\"100\" rows=\"6\" maxlength=\"2000\" class=\"wpcf7-form-control wpcf7-textarea form-control rounded-0 p-4 faq_text_area\" aria-invalid=\"false\" placeholder=\"Your Message...\" name=\"your-message\"><\/textarea><\/span>\n\t\t\t<\/p>\n\t\t<\/div>\n\t<\/div>\n\t<div class=\"col-md-12 text-center mt-3\">\n\t\t<p><button class=\"btn btn-primary\">Submit Now<\/button>\n\t\t<\/p>\n\t<\/div>\n<\/div><div class=\"wpcf7-response-output\" aria-hidden=\"true\"><\/div>\n<\/form>\n<\/div>\n[vc_empty_space height=&#8221;100px&#8221;][\/vc_column_inner][\/vc_row_inner][vc_row_inner][vc_column_inner][vc_column_text]Kart\u00ebs individuale mund ti vesh kufizime dhe detyrime t\u00eb natyrave t\u00eb ndryshme. Administratori p\u00ebrcakton sasin\u00eb e l\u00ebngut q\u00eb do t\u00eb p\u00ebrdor\u00eb p\u00ebr periudha t\u00eb caktuara ose p\u00ebr zona t\u00eb caktuara (pra mundet q\u00eb t\u00eb ket\u00eb edhe sasi t\u00eb kufizuar mujore ose n\u00eb dit\u00eb t\u00eb caktuar si dhe mundet q\u00eb t\u00eb kryej\u00eb furnizime n\u00eb pika ose n\u00eb rrethe t\u00eb caktuara). Ky menaxhim mund t\u00eb b\u00ebhet nga vet\u00eb personi i autorizuar. Duke u pajisur nga ne me nj\u00eb llogari ju mund t\u00eb b\u00ebni t\u00eb gjitha k\u00ebto l\u00ebvizje dhe t\u00eb merrni raporte t\u00eb detajuara. \u00c7do kart\u00eb mund t\u00eb ket\u00eb sasi p\u00ebr \u00e7do produkt dhe limite t\u00eb p\u00ebrcaktuara p\u00ebr to. Gjithashtu kuptohet q\u00eb opsioni pa limit \u00ebsht\u00eb i p\u00ebrfshir\u00eb.<br \/>\nLimitet e p\u00ebrcaktuara mund t\u00eb transferohen n\u00eb karta t\u00eb tjera ose zerohen n\u00eb momentin q\u00eb k\u00ebrkohet.<br \/>\nP\u00ebr \u00e7do veprim t\u00eb kryer n\u00eb adresat e caktuara t\u00eb email-it, vjen nj\u00eb mesazh informues me transaksionin e kryer t\u00eb detajuar edhe me foton e kryer n\u00eb pik\u00ebn dhe momentin e sh\u00ebrbimit.<br \/>\nN\u00eb \u00e7do moment mundet t\u00eb marr\u00ebsh fatur\u00ebn analitike t\u00eb masterit si dhe individuale p\u00ebr koh\u00eb t\u00eb caktuara.<br \/>\nN\u00eb \u00e7do moment mundet q\u00eb t\u00eb shoh\u00ebsh t\u00eb gjitha veprimet e kryera nga kartat si dhe mundet t\u00eb nxjerrresh raporte t\u00eb detajuara.[\/vc_column_text][\/vc_column_inner][\/vc_row_inner][\/vc_column][vc_column width=&#8221;1\/2&#8243;][vc_row_inner][vc_column_inner]\n    <div class=\" dustrial-stitle-69db3630a8d2a section-title  wow fadeInLeft\">\n      <div class=\"section-thumb\"><img decoding=\"async\" src=\"https:\/\/europetrolgroup.com\/wp-content\/uploads\/2020\/07\/cards.png\" alt=\"title icon\"><\/div>\n      <div class=\"section-body\">\n        <h6 class=\"sub-title activeColor\">Informacion<\/h6>\n        <h3 class=\"m-0 main-title\">Rreth Kartave<\/h3>\n      <\/div>\n    <\/div>\n\n  [\/vc_column_inner][\/vc_row_inner][vc_column_text]Ne aktualisht kemi b\u00ebr\u00eb nj\u00eb ndarje p\u00ebr karta individuale dhe karta kompanie.<br \/>\nMe kartat (tollon elektronik), klienti furnizohet n\u00eb \u00e7do pik\u00eb karburanti EiDA q\u00eb ofrohet sh\u00ebrbimi.<\/p>\n<ul>\n<li>Kartat jan\u00eb me parapages\u00eb.<\/li>\n<\/ul>\n<p>Rimbushja e kart\u00ebs mund t\u00eb paguhet me an\u00eb t\u00eb bank\u00ebs apo tek zyrat tona. P\u00ebr \u00e7do rimbushje ndiqen politikat e zbritjeve n\u00eb var\u00ebsi t\u00eb sasis\u00eb s\u00eb paguar.<br \/>\n\u00c7do operator mund t\u00eb pajiset me nj\u00eb kart\u00eb. Kjo kart\u00eb ka t\u00eb sh\u00ebnuar informacionin e detajuar p\u00ebr klientin dhe sasin\u00eb e l\u00ebngut q\u00eb ka n\u00eb p\u00ebrdorim.<br \/>\nKarta \u00ebsht\u00eb e mbrojtur me kodin individual (PIN) q\u00eb mund t\u00eb nd\u00ebrrohet nga personi q\u00eb mban kart\u00ebn.<br \/>\nKompania siguron fsheht\u00ebsi t\u00eb t\u00eb gjitha informacioneve t\u00eb klienteve. \u00c7do informacion personal si dhe transaksion i kryer jan\u00eb n\u00eb mbrojtje nga kompania Jon\u00eb, n\u00eb p\u00ebrputhje me legjislacionin shqiptar dhe at\u00eb europian p\u00ebr mbrojtjen e t\u00eb dh\u00ebnave personale. Respektojm\u00eb t\u00eb gjitha t\u00eb drejtat e klienteve p\u00ebr t\u00eb dh\u00ebnat personale sipas legjislacionit n\u00eb fuqi.<\/p>\n<p>N\u00eb rastin e kompanive krjohet nj\u00eb llogari Master dhe pastaj p\u00ebr \u00e7do operator q\u00eb \u00ebsht\u00eb i p\u00ebrfshir\u00eb n\u00eb k\u00ebt\u00eb kompani sipas kushteve q\u00eb parap\u00ebrcaktohen nga kompania ,krijohen llogari t\u00eb varura nga Masteri. N\u00eb k\u00ebt\u00eb m\u00ebnyr\u00eb personi i autorizuar, kontrollon n\u00eb \u00e7do veprim si kart\u00ebn individuale ashtu edhe masterin.[\/vc_column_text][vc_single_image image=&#8221;3124&#8243; img_size=&#8221;large&#8221;][vc_column_text]<\/p>\n<h2><a href=\"https:\/\/europetrolgroup.com\/wp-content\/uploads\/2020\/07\/formulari-Eida-karta-kompani-individ-1.pdf\">Klikoni k\u00ebtu p\u00ebr t\u00eb shkarkuar formularin e kartave<\/a><\/h2>\n<p>[\/vc_column_text][\/vc_column][\/vc_row]<\/p>\n","protected":false},"excerpt":{"rendered":"<p>[vc_row][vc_column][vc_empty_space height=&#8221;50px&#8221;][\/vc_column][\/vc_row][vc_row][vc_column width=&#8221;1\/2&#8243;][vc_row_inner][vc_column_inner][vc_column_text css_animation=&#8221;fadeInLeft&#8221;]P\u00ebr bizneset: Plot\u00ebsoni formularin ton\u00eb p\u00ebr t\u00eb marr\u00eb informacion t\u00eb plot\u00eb n\u00eb lidhje me kartat Nr. tel: +355 69 40 23 000 ose n\u00eb email ton\u00eb info@europetrolalbania.com ekipi yn\u00eb do t&#8217;ju ndihmoj\u00eb sa m\u00eb shpejt t\u00eb jet\u00eb e mundur. Per porosi: Shumic\u00eb : +355 69 20 40 983 Pakic\u00eb : +355 69 [&hellip;]<\/p>\n","protected":false},"author":1,"featured_media":0,"parent":0,"menu_order":0,"comment_status":"closed","ping_status":"closed","template":"page-template\/blank-page-sidebar.php","meta":{"footnotes":""},"class_list":["post-3123","page","type-page","status-publish","hentry"],"_links":{"self":[{"href":"https:\/\/europetrolgroup.com\/sq\/wp-json\/wp\/v2\/pages\/3123","targetHints":{"allow":["GET"]}}],"collection":[{"href":"https:\/\/europetrolgroup.com\/sq\/wp-json\/wp\/v2\/pages"}],"about":[{"href":"https:\/\/europetrolgroup.com\/sq\/wp-json\/wp\/v2\/types\/page"}],"author":[{"embeddable":true,"href":"https:\/\/europetrolgroup.com\/sq\/wp-json\/wp\/v2\/users\/1"}],"replies":[{"embeddable":true,"href":"https:\/\/europetrolgroup.com\/sq\/wp-json\/wp\/v2\/comments?post=3123"}],"version-history":[{"count":37,"href":"https:\/\/europetrolgroup.com\/sq\/wp-json\/wp\/v2\/pages\/3123\/revisions"}],"predecessor-version":[{"id":3334,"href":"https:\/\/europetrolgroup.com\/sq\/wp-json\/wp\/v2\/pages\/3123\/revisions\/3334"}],"wp:attachment":[{"href":"https:\/\/europetrolgroup.com\/sq\/wp-json\/wp\/v2\/media?parent=3123"}],"curies":[{"name":"wp","href":"https:\/\/api.w.org\/{rel}","templated":true}]}}