{"id":334,"date":"2018-11-18T09:56:26","date_gmt":"2018-11-18T09:56:26","guid":{"rendered":"http:\/\/pluginspoint.com\/dustrial\/?page_id=334"},"modified":"2020-07-16T16:09:15","modified_gmt":"2020-07-16T16:09:15","slug":"about-us","status":"publish","type":"page","link":"https:\/\/europetrolgroup.com\/sq\/about-us\/","title":{"rendered":"Rreth nesh"},"content":{"rendered":"<p>[vc_row css=&#8221;.vc_custom_1545996764528{padding-top: 60px !important;padding-bottom: 79px !important;}&#8221;][vc_column width=&#8221;1\/2&#8243; css=&#8221;.vc_custom_1545815615488{padding-top: 40px !important;}&#8221;][vc_tta_accordion][vc_tta_section title=&#8221;Misioni Yn\u00eb&#8221; tab_id=&#8221;1545815887786-0c10bad3-b8fb&#8221;][vc_column_text]Ne do t\u00eb sigurojm\u00eb me efikasitet dhe besueshm\u00ebri energjin\u00eb q\u00eb ju sh\u00ebrbejm\u00eb \u00e7do dit\u00eb duke p\u00ebrmir\u00ebsuar cilesisht jetes\u00ebn e konsumator\u00ebve tan\u00eb.[\/vc_column_text][\/vc_tta_section][vc_tta_section title=&#8221;Vizioni Yn\u00eb&#8221; tab_id=&#8221;1545815887826-875bdcbf-c4ed&#8221;][vc_column_text]N\u00eb zem\u00ebr t\u00eb misionit t\u00eb EiDA \u00ebsht\u00eb vizioni yn\u00eb &#8230; t\u00eb vazhdojm\u00eb t\u00eb jemi kompania m\u00eb e madhe e hidrokarbureve n\u00eb Shqip\u00ebri.[\/vc_column_text][\/vc_tta_section][vc_tta_section title=&#8221;Vlerat&#8221; tab_id=&#8221;1545815942751-5c8b5562-0b83&#8243;][vc_column_text]<\/p>\n<p class=\"vc_custom_heading\">Ne zhvillojm\u00eb energjin\u00eb q\u00eb p\u00ebrmir\u00ebson dhe fuqizon jeten e njerezve me te cilet bashkepunojme.<\/p>\n<p>Themelet e kompanis\u00eb son\u00eb jan\u00eb nd\u00ebrtuar mbi vlerat tona, t\u00eb cilat na dallojn\u00eb dhe udh\u00ebheqin veprimet tona p\u00ebr t\u00eb dh\u00ebn\u00eb rezultatet q\u00eb kemi. Ne e zhvillojm\u00eb biznesin ton\u00eb n\u00eb nj\u00eb m\u00ebnyr\u00eb shoq\u00ebrore dhe mjedisore, duke respektuar ligjin dhe t\u00eb drejtat universale t\u00eb njeriut p\u00ebr t\u00eb p\u00ebrfituar komunitetet ku punojm\u00eb.[\/vc_column_text][\/vc_tta_section][vc_tta_section title=&#8221;Performanc\u00eb e lart\u00eb&#8221; tab_id=&#8221;1545815963671-a2dd8a52-831d&#8221;][vc_column_text]Ne jemi t\u00eb apasionuar p\u00ebr arritjen e rezultateve dhe p\u00ebrpiqemi t\u00eb p\u00ebrmir\u00ebsohemi vazhdimisht. Ne jemi p\u00ebrgjegj\u00ebs p\u00ebr veprimet dhe rezultatet tona. Ne aplikojm\u00eb procese t\u00eb d\u00ebshmuara n\u00eb nj\u00eb m\u00ebnyr\u00eb t\u00eb p\u00ebrshtatshme p\u00ebr q\u00ebllimet tona dhe gjithmon\u00eb k\u00ebrkojm\u00eb zgjidhje t\u00eb reja dhe inovative.[\/vc_column_text][\/vc_tta_section][\/vc_tta_accordion][\/vc_column][vc_column css_animation=&#8221;fadeInUp&#8221; width=&#8221;1\/2&#8243; el_class=&#8221;about-faq&#8221; css=&#8221;.vc_custom_1545996747838{padding-top: 40px !important;padding-bottom: 15px !important;}&#8221;][vc_row_inner][vc_column_inner width=&#8221;1\/2&#8243;][vc_single_image image=&#8221;2740&#8243; img_size=&#8221;full&#8221; alignment=&#8221;center&#8221; css_animation=&#8221;fadeIn&#8221; css=&#8221;.vc_custom_1594301980553{margin-bottom: 25px !important;}&#8221;][\/vc_column_inner][vc_column_inner width=&#8221;1\/2&#8243;][vc_single_image image=&#8221;2738&#8243; img_size=&#8221;full&#8221; alignment=&#8221;center&#8221; css_animation=&#8221;fadeIn&#8221; css=&#8221;.vc_custom_1594301990261{margin-bottom: 25px !important;}&#8221;][\/vc_column_inner][\/vc_row_inner][vc_column_text css_animation=&#8221;fadeInUp&#8221; css=&#8221;.vc_custom_1594631569660{margin-bottom: 0px !important;}&#8221;]<\/p>\n<h3 class=\"about-right-title\">Ne jemi kompani udh\u00ebheq\u00ebse n\u00eb k\u00ebt\u00eb fush\u00eb, Ne b\u00ebjm\u00eb \u00e7mos q\u00eb t\u00eb kemi klient\u00eb t\u00eb k\u00ebnaqur.<\/h3>\n<p class=\"content\">EiDA \u00ebsht\u00eb kompania m\u00eb e madhe n\u00eb fush\u00ebn e hidrokarbureve n\u00eb Shqip\u00ebri. Q\u00eb prej vitit 2000 EiDA ka q\u00ebn\u00eb nga t\u00eb par\u00ebt importues i hidrokarbureve n\u00eb Shqip\u00ebri. Me kalimin e viteve EiDA u b\u00eb kompania kryesore n\u00eb vend p\u00ebr tregtimin e hidrokarbureve, duke zhvilluar tekonologjin\u00eb dhe duke bashk\u00ebpunuar me qindra biznese t\u00eb m\u00ebdha, shqiptare dhe t\u00eb huaja.<\/p>\n<p>[\/vc_column_text][\/vc_column][\/vc_row][vc_row full_width=&#8221;stretch_row_content_no_spaces&#8221;][vc_column css=&#8221;.vc_custom_1542536931733{padding-right: 0px !important;padding-left: 0px !important;}&#8221;] \n\n  <!-- h3 Inspiring Solution Section -->\n  <div class=\"h3-inspiring bg-black-overlay\" style=\"background-image: url( https:\/\/europetrolgroup.com\/wp-content\/uploads\/2019\/01\/Portoromano-dron-6.jpg );\">\n    <div class=\"container\">\n      <div class=\"row\">\n        <div class=\"col-lg-6 d-flex justify-content-center mb-4 mt-4\">\n          <div class=\"block\">\n              <a class=\"video-play-button-two popup-vimeo\" href=\"https:\/\/www.youtube.com\/watch?v=5nJxMRfaSTM\"><i class=\"fa fa-play\" aria-hidden=\"true\"><\/i><\/a>\n          <\/div>\n        <\/div>\n        <div class=\"col-lg-6\">\n          <div class=\"block\">\n            <div class=\" dustrial-stitle-69db7eeae224c inspiring-section-title wow fadeInUp\">\n              <h3 class=\"subtitle activeColor\">Syno Majat<\/h3>\n              <h1 class=\"inspiring-title text-light\">Krijimi i EiDA<\/h1>\n            <\/div>\n            <p class=\" dustrial-stitle-69db7eeae224c content text-light mb-4 mt-4 mb-lg-5 wow fadeInUp\">Krijimi i EiDA ka qen\u00eb i v\u00ebshtir\u00eb, ka k\u00ebrkuar gjithmon\u00eb strategjit\u00eb e duhura per t\u00eb shtyr\u00eb ecurin\u00eb dhe rritjen. Sipas ligjit tregtar t\u00eb Qeveris\u00eb Shqipare EiDA \u00ebsht\u00eb themeluar p\u00ebr t\u00eb drejtuar nj\u00eb biznes n\u00eb tregun Shqiptar t\u00eb hidrokarbureve dhe vepron si nj\u00eb importues dhe eksportues i produkteve dhe n\u00ebnprodukteve t\u00eb naft\u00ebs n\u00eb p\u00ebrgjigje t\u00eb statusit t\u00eb ekonomis\u00eb komb\u00ebtare dhe tregut lokal. Kompania jon\u00eb ka rritur furnizimin e karburanteve dhe vajrave n\u00eb t\u00eb gjith\u00eb vendin p\u00ebr t\u00eb plot\u00ebsuar nevojat n\u00eb rritje t\u00eb konsumator\u00ebve. P\u00ebrve\u00e7 k\u00ebsaj, p\u00ebr t'iu p\u00ebrmbajtur standardeve nd\u00ebrkomb\u00ebtare, kompania jon\u00eb ka nd\u00ebrtuar dhe p\u00ebrmir\u00ebsuar kapacitetet e saj, sh\u00ebrbimet e furnizimit dhe pajisjet teknike. K\u00ebto p\u00ebrfshijn\u00eb, logjistike, karburante, objektet e magazinimit, restorantet dhe baret tona ne cdo stacion furnizimi.<\/p>\n            <div class=\"inspiring-by\">\n              <img decoding=\"async\" src=\"\" alt=\"signature\">\n              <h5 class=\"inspiring-author text-light\">Frident Kuqi<\/h5>\n              <h6 class=\" dustrial-stitle-69db7eeae224c inspiring-author-role activeColor\">CEO &amp; Drejtor Ekzekutiv<\/h6>\n            <\/div>\n          <\/div>\n        <\/div>\n      <\/div>\n    <\/div>\n  <\/div>\n  <!-- End h3 Inspiring Solution Section -->\n\n  [\/vc_column][\/vc_row][vc_row css=&#8221;.vc_custom_1545046285657{padding-top: 96px !important;}&#8221;][vc_column]\n    <div class=\" dustrial-stitle-69db7eeae2dd8 section-title  wow fadeIn\">\n      <div class=\"section-thumb\"><img decoding=\"async\" src=\"https:\/\/europetrolgroup.com\/wp-content\/uploads\/2019\/01\/title-icon-1-2.png\" alt=\"title icon\"><\/div>\n      <div class=\"section-body\">\n        <h6 class=\"sub-title activeColor\">Pse<\/h6>\n        <h3 class=\"m-0 main-title\">T\u00eb na zgjidhni Ne<\/h3>\n      <\/div>\n    <\/div>\n\n  [\/vc_column][\/vc_row][vc_row css=&#8221;.vc_custom_1545817645391{padding-bottom: 39px !important;}&#8221;][vc_column width=&#8221;1\/2&#8243; css=&#8221;.vc_custom_1545817426227{padding-bottom: 50px !important;}&#8221;][vc_progress_bar values=&#8221;%5B%7B%22label%22%3A%22Diversiteti%20dhe%20P%C3%ABrfshirja%22%2C%22value%22%3A%22100%22%7D%2C%7B%22label%22%3A%22Integriteti%20dhe%20Besimi%22%2C%22value%22%3A%22100%22%7D%2C%7B%22label%22%3A%22K%C3%ABnaq%C3%ABsia%20e%20konsumator%C3%ABve%22%2C%22value%22%3A%22100%22%7D%2C%7B%22label%22%3A%22Bashk%C3%ABpunimi%22%2C%22value%22%3A%22100%22%7D%2C%7B%22label%22%3A%22Mbrojm%C3%AB%20njer%C3%ABzit%20dhe%20mjedisin%22%2C%22value%22%3A%22100%22%7D%5D&#8221; units=&#8221;%&#8221;][\/vc_column][vc_column width=&#8221;1\/2&#8243; css=&#8221;.vc_custom_1545817438068{padding-bottom: 50px !important;}&#8221;]\n    <div class=\"dustrial-picons-69db7eeae2f16  media wow fadeInUp\">\n            <div class=\"company-icon\">\n        <i class=\"dustrial-icon flaticon-gloves\"><\/i>\n      <\/div>\n            <div class=\"media-body\">\n        <div>\n          <h6 class=\"mb-1 sub-title\">Mbrojtja e mjedisit<\/h6>\n          <p class=\"m-0\">Ne vendosim prioritet t\u00eb lart\u00eb n\u00eb sh\u00ebndetin dhe sigurin\u00eb e fuqis\u00eb pun\u00ebtore dhe mbrojtjen e aseteve, komuniteteve dhe mjedisit ton\u00eb. Ne sh\u00ebrbejm\u00eb performanc\u00ebn e klasit bot\u00ebror me nj\u00eb fokus n\u00eb parandalimin e incidenteve me pasoja t\u00eb m\u00ebdha.<\/p>\n        <\/div>\n      <\/div>\n          <\/div>\n    \n  \n  \n    <div class=\"dustrial-picons-69db7eeae2f66  media wow fadeInUp\">\n            <div class=\"company-icon\">\n        <i class=\"dustrial-icon flaticon-wheel\"><\/i>\n      <\/div>\n            <div class=\"media-body\">\n        <div>\n          <h6 class=\"mb-1 sub-title\">Eksperienca<\/h6>\n          <p class=\"m-0\">P\u00ebrvoja jon\u00eb na jep mund\u00ebsin\u00eb e identifikimit t\u00eb mund\u00ebsive t\u00eb reja dhe zhvillimin e pasuris\u00eb unike bazuar n\u00eb bazat dinamike t\u00eb tregut.<\/p>\n        <\/div>\n      <\/div>\n          <\/div>\n    \n  \n  \n    <div class=\"dustrial-picons-69db7eeae2fb0  media wow fadeInUp\">\n            <div class=\"company-icon\">\n        <i class=\"dustrial-icon flaticon-solution\"><\/i>\n      <\/div>\n            <div class=\"media-body\">\n        <div>\n          <h6 class=\"mb-1 sub-title\">Partenr\u00ebt<\/h6>\n          <p class=\"m-0\">Ne nd\u00ebrtojm\u00eb marr\u00ebdh\u00ebnie t\u00eb besueshme dhe reciproke t\u00eb dobishme duke bashk\u00ebpunuar me komunitetet tona, qeverit\u00eb, klient\u00ebt, furnizuesit dhe partner\u00ebt e tjer\u00eb t\u00eb biznesit. Ne jemi m\u00eb t\u00eb suksessh\u00ebm kur partner\u00ebt tan\u00eb kan\u00eb sukses me ne.<\/p>\n        <\/div>\n      <\/div>\n          <\/div>\n    \n  \n  [\/vc_column][\/vc_row][vc_row full_width=&#8221;stretch_row&#8221; css=&#8221;.vc_custom_1594659492015{padding-top: 75px !important;padding-bottom: 80px !important;background-image: url(https:\/\/europetrolgroup.com\/wp-content\/uploads\/2019\/01\/Portoromano-13.jpg?id=2656) !important;background-position: center !important;background-repeat: no-repeat !important;background-size: cover !important;}&#8221; el_class=&#8221;call-to-action bg-black-overlay&#8221;][vc_column css=&#8221;.vc_custom_1546693114638{padding-right: 0px !important;padding-left: 0px !important;}&#8221;] \n    <div class=\"call-to-action-sections default-style text-center\">\n      <div class=\"call_to_action_title wow fadeInUp\">\n        <h2>20+ vjet p\u00ebrvoj\u00eb p\u00ebr t&#039;ju dh\u00ebn\u00eb rezultate m\u00eb t\u00eb mira.<\/h2>\n        <p>Ne jemi t\u00eb apasionuar pas arritjes s\u00eb rezultateve dhe vazhdimisht p\u00ebrpiqemi t\u00eb p\u00ebrmir\u00ebsojm\u00eb. Ne jemi p\u00ebrgjegj\u00ebs p\u00ebr veprimet dhe rezultatet tona.<\/p>\n      <\/div>\n      <div class=\"call_to_action_btns wow fadeInUp\">\n        <a href=\"https:\/\/europetrolgroup.com\/contact-us\/\" class=\"btn call_to_action_btn\">Na Kontaktoni<\/a>\n      <\/div>\n    <\/div>\n  \n[\/vc_column][\/vc_row][vc_row][vc_column][vc_empty_space][\/vc_column][\/vc_row]<\/p>\n","protected":false},"excerpt":{"rendered":"<p>[vc_row css=&#8221;.vc_custom_1545996764528{padding-top: 60px !important;padding-bottom: 79px !important;}&#8221;][vc_column width=&#8221;1\/2&#8243; css=&#8221;.vc_custom_1545815615488{padding-top: 40px !important;}&#8221;][vc_tta_accordion][vc_tta_section title=&#8221;Misioni Yn\u00eb&#8221; tab_id=&#8221;1545815887786-0c10bad3-b8fb&#8221;][vc_column_text]Ne do t\u00eb sigurojm\u00eb me efikasitet dhe besueshm\u00ebri energjin\u00eb q\u00eb ju sh\u00ebrbejm\u00eb \u00e7do dit\u00eb duke p\u00ebrmir\u00ebsuar cilesisht jetes\u00ebn e konsumator\u00ebve tan\u00eb.[\/vc_column_text][\/vc_tta_section][vc_tta_section title=&#8221;Vizioni Yn\u00eb&#8221; tab_id=&#8221;1545815887826-875bdcbf-c4ed&#8221;][vc_column_text]N\u00eb zem\u00ebr t\u00eb misionit t\u00eb EiDA \u00ebsht\u00eb vizioni yn\u00eb &#8230; t\u00eb vazhdojm\u00eb t\u00eb jemi kompania m\u00eb e madhe e hidrokarbureve [&hellip;]<\/p>\n","protected":false},"author":1,"featured_media":0,"parent":0,"menu_order":0,"comment_status":"closed","ping_status":"closed","template":"page-template\/blank-page-sidebar.php","meta":{"footnotes":""},"class_list":["post-334","page","type-page","status-publish","hentry"],"_links":{"self":[{"href":"https:\/\/europetrolgroup.com\/sq\/wp-json\/wp\/v2\/pages\/334","targetHints":{"allow":["GET"]}}],"collection":[{"href":"https:\/\/europetrolgroup.com\/sq\/wp-json\/wp\/v2\/pages"}],"about":[{"href":"https:\/\/europetrolgroup.com\/sq\/wp-json\/wp\/v2\/types\/page"}],"author":[{"embeddable":true,"href":"https:\/\/europetrolgroup.com\/sq\/wp-json\/wp\/v2\/users\/1"}],"replies":[{"embeddable":true,"href":"https:\/\/europetrolgroup.com\/sq\/wp-json\/wp\/v2\/comments?post=334"}],"version-history":[{"count":38,"href":"https:\/\/europetrolgroup.com\/sq\/wp-json\/wp\/v2\/pages\/334\/revisions"}],"predecessor-version":[{"id":3248,"href":"https:\/\/europetrolgroup.com\/sq\/wp-json\/wp\/v2\/pages\/334\/revisions\/3248"}],"wp:attachment":[{"href":"https:\/\/europetrolgroup.com\/sq\/wp-json\/wp\/v2\/media?parent=334"}],"curies":[{"name":"wp","href":"https:\/\/api.w.org\/{rel}","templated":true}]}}