{"id":412,"date":"2018-11-24T04:41:43","date_gmt":"2018-11-24T04:41:43","guid":{"rendered":"http:\/\/pluginspoint.com\/dustrial\/?page_id=412"},"modified":"2018-11-24T04:41:43","modified_gmt":"2018-11-24T04:41:43","slug":"testimonials","status":"publish","type":"page","link":"https:\/\/europetrolgroup.com\/sq\/testimonials\/","title":{"rendered":"Testimonials"},"content":{"rendered":"<p>[vc_row full_width=&#8221;stretch_row&#8221; css=&#8221;.vc_custom_1546077509940{padding-top: 95px !important;padding-bottom: 90px !important;background-color: #f4f4f4 !important;background-position: center !important;background-repeat: no-repeat !important;background-size: cover !important;}&#8221;][vc_column][vc_row_inner][vc_column_inner]\n    <div class=\"col-lg-8 offset-lg-2 col-md-10 offset-md-1 col-sm-12 col-12\">\n      <div class=\" dustrial-stitle-69e4a9c158174 section-title-three text-center wow fadeInUp\">\n        <h2>Customer <strong>Reviews<\/strong><\/h2>\n        <p>There are many variations of passages of Lorem Ipsum available but the majority have suffered in some form by injected or randomised words which even slightly believable.<\/p>\n      <\/div>\n    <\/div>\n\n    [\/vc_column_inner][\/vc_row_inner][vc_row_inner][vc_column_inner]  <script>\n    jQuery(document).ready(function($) {\n      $(\"#h3-testimonial-items\").owlCarousel({\n        loop: true,\n        margin: 30,\n        responsiveClass: true,\n        navigation: true,\n        navText: [\"<i class='fa fa-angle-left'><\/i>\", \"<i class='fa fa-angle-right'><\/i>\"],\n        nav: false,\n        items: 2,\n        dots: true,\n        autoplay: true,\n        smartSpeed: 1000,\n        autoplayTimeout: 1000,\n        mouseDrag:true,\n        center: false,\n        responsive: {\n            0: {\n                items: 1            },\n            766: {\n                items: 1            },\n            767: {\n                items: 2            },\n            990: {\n                items: 2            },\n            991: {\n                items: 2            }\n        }\n      });\n    });\n  <\/script>\n\n  <div id=\"h3-testimonial-items\" class=\"owl-carousel owl-theme\">\n    \n    <div class=\"item text-center\">\n      <div class=\"testimonial-content mb-5\">\n        <p><span style=\"color: #ffffff;\">Stafi shum\u00eb cil\u00ebsor dhe miq\u00ebsor. Ata kan\u00eb qen\u00eb fleksib\u00ebl me k\u00ebrkesat tona n\u00eb pun\u00ebt e p\u00ebrditshme.<\/span><\/p>\n      <\/div>\n      <div class=\"testimonial-author pt-2\">\n        <div class=\"testimonial-author-img mb-3\">\n                  <\/div>\n        <h5 class=\"testimonial-author-name mb-0\">Hifa Oil<\/h5>\n                  <div class=\"testimonial-star-ratings\">\n          <i class=\"fa fa-star activeColor mr-1\" aria-hidden=\"true\"><\/i><i class=\"fa fa-star activeColor mr-1\" aria-hidden=\"true\"><\/i><i class=\"fa fa-star activeColor mr-1\" aria-hidden=\"true\"><\/i><i class=\"fa fa-star activeColor mr-1\" aria-hidden=\"true\"><\/i><i class=\"fa fa-star activeColor mr-1\" aria-hidden=\"true\"><\/i>          <\/div>\n              <\/div>\n    <\/div>\n    \n    <div class=\"item text-center\">\n      <div class=\"testimonial-content mb-5\">\n        <p><span style=\"color: #ffffff;\">Nj\u00eb aset i r\u00ebnd\u00ebsish\u00ebm i kompanis\u00eb son\u00eb q\u00eb tregon seriozitetin dhe lidhjet q\u00eb kemi n\u00eb treg jan\u00eb partner\u00ebt tan\u00eb, t\u00eb cil\u00ebt jan\u00eb pjes\u00eb p\u00ebrb\u00ebr\u00ebse e kompanis\u00eb son\u00eb dhe na sh\u00ebrbejn\u00eb, me t\u00eb nj\u00ebjt\u00ebn korrekt\u00ebsi dhe seriozitet. Ne i zgjedhim ato sipas standardeve tona dhe jemi n\u00eb bashk\u00ebpunim t\u00eb vazhduesh\u00ebm me ta. Disa nga partner\u00ebt m\u00eb t\u00eb r\u00ebnd\u00ebsish\u00ebm jan\u00eb Europetrol etj.<\/span><\/p>\n      <\/div>\n      <div class=\"testimonial-author pt-2\">\n        <div class=\"testimonial-author-img mb-3\">\n                  <\/div>\n        <h5 class=\"testimonial-author-name mb-0\">Albstar<\/h5>\n                  <div class=\"testimonial-star-ratings\">\n          <i class=\"fa fa-star activeColor mr-1\" aria-hidden=\"true\"><\/i><i class=\"fa fa-star activeColor mr-1\" aria-hidden=\"true\"><\/i><i class=\"fa fa-star activeColor mr-1\" aria-hidden=\"true\"><\/i><i class=\"fa fa-star activeColor mr-1\" aria-hidden=\"true\"><\/i><i class=\"fa fa-star activeColor mr-1\" aria-hidden=\"true\"><\/i>          <\/div>\n              <\/div>\n    <\/div>\n    \n    <div class=\"item text-center\">\n      <div class=\"testimonial-content mb-5\">\n        <p><span style=\"color: #ffffff;\">Mb\u00ebshtetja m\u00eb e mir\u00eb q\u00eb kemi pasur ndonj\u00ebher\u00eb. Ne jemi mir\u00ebnjoh\u00ebs q\u00eb ju kemi.<\/span><\/p>\n<div id=\"gtx-trans\" style=\"position: absolute; left: -112px; top: 48px;\">\n<div class=\"gtx-trans-icon\"><\/div>\n<\/div>\n      <\/div>\n      <div class=\"testimonial-author pt-2\">\n        <div class=\"testimonial-author-img mb-3\">\n                  <\/div>\n        <h5 class=\"testimonial-author-name mb-0\">Gjoka Konstruksion<\/h5>\n                  <div class=\"testimonial-star-ratings\">\n          <i class=\"fa fa-star activeColor mr-1\" aria-hidden=\"true\"><\/i><i class=\"fa fa-star activeColor mr-1\" aria-hidden=\"true\"><\/i><i class=\"fa fa-star activeColor mr-1\" aria-hidden=\"true\"><\/i><i class=\"fa fa-star activeColor mr-1\" aria-hidden=\"true\"><\/i><i class=\"fa fa-star activeColor mr-1\" aria-hidden=\"true\"><\/i>          <\/div>\n              <\/div>\n    <\/div>\n      <\/div>\n\n[\/vc_column_inner][\/vc_row_inner][\/vc_column][\/vc_row][vc_row full_width=&#8221;stretch_row&#8221; css=&#8221;.vc_custom_1546957150802{padding-top: 95px !important;padding-bottom: 100px !important;background-color: #0b0b0b !important;background-position: center !important;background-repeat: no-repeat !important;background-size: cover !important;}&#8221;][vc_column][vc_row_inner][vc_column_inner el_class=&#8221;h1-testimonials-area&#8221;]\n    <div class=\" dustrial-stitle-69e4a9c159ea8 section-title  wow fadeIn\">\n      <div class=\"section-thumb\"><img decoding=\"async\" src=\"https:\/\/europetrolgroup.com\/wp-content\/uploads\/2019\/01\/title-icon-1-2.png\" alt=\"title icon\"><\/div>\n      <div class=\"section-body\">\n        <h6 class=\"sub-title activeColor\">What Client Say&#039;s<\/h6>\n        <h3 class=\"m-0 main-title\">Testimonials<\/h3>\n      <\/div>\n    <\/div>\n\n  [\/vc_column_inner][\/vc_row_inner][vc_row_inner][vc_column_inner]  <script>\n    jQuery(document).ready(function($) {\n      $(\"#testimonial-items\").owlCarousel({\n        loop: true,\n        margin: 30,\n        responsiveClass: true,\n        navigation: true,\n        navText: [\"<i class='fa fa-angle-left'><\/i>\", \"<i class='fa fa-angle-right'><\/i>\"],\n        nav: true,\n        items: 2,\n        dots: false,\n        autoplay: true,\n        smartSpeed: 1000,\n        autoplayTimeout: 1000,\n        mouseDrag:true,\n        center: false,\n        responsive: {\n            0: {\n                items: 1            },\n            766: {\n                items: 1            },\n            767: {\n                items: 2            },\n            990: {\n                items: 2            },\n            991: {\n                items: 2            }\n        }\n      });\n    });\n  <\/script>\n\n  <div id=\"testimonial-items\" class=\"owl-carousel\">\n          <div class=\"single-testimonial-items\">\n        <div class=\"single-testimonial-items-title\">\n          <h3>Staf miq\u00ebsor<\/h3>\n        <\/div>\n        <div class=\"single-testimonial-items-content\">\n          <p><span style=\"color: #ffffff;\">Stafi shum\u00eb cil\u00ebsor dhe miq\u00ebsor. Ata kan\u00eb qen\u00eb fleksib\u00ebl me k\u00ebrkesat tona n\u00eb pun\u00ebt e p\u00ebrditshme.<\/span><\/p>\n        <\/div>\n        <div class=\"single-testimonial-items-meta\">\n          <h5 class=\"testimonial-author-name\">Hifa Oil<\/h5>\n                      <div class=\"testimonial-star-ratings\">\n            <i class=\"fa fa-star activeColor mr-1\" aria-hidden=\"true\"><\/i><i class=\"fa fa-star activeColor mr-1\" aria-hidden=\"true\"><\/i><i class=\"fa fa-star activeColor mr-1\" aria-hidden=\"true\"><\/i><i class=\"fa fa-star activeColor mr-1\" aria-hidden=\"true\"><\/i><i class=\"fa fa-star activeColor mr-1\" aria-hidden=\"true\"><\/i>            <\/div>\n                  <\/div>\n      <\/div>\n          <div class=\"single-testimonial-items\">\n        <div class=\"single-testimonial-items-title\">\n          <h3>Sh\u00ebrbim korrekt<\/h3>\n        <\/div>\n        <div class=\"single-testimonial-items-content\">\n          <p><span style=\"color: #ffffff;\">Nj\u00eb aset i r\u00ebnd\u00ebsish\u00ebm i kompanis\u00eb son\u00eb q\u00eb tregon seriozitetin dhe lidhjet q\u00eb kemi n\u00eb treg jan\u00eb partner\u00ebt tan\u00eb, t\u00eb cil\u00ebt jan\u00eb pjes\u00eb p\u00ebrb\u00ebr\u00ebse e kompanis\u00eb son\u00eb dhe na sh\u00ebrbejn\u00eb, me t\u00eb nj\u00ebjt\u00ebn korrekt\u00ebsi dhe seriozitet. Ne i zgjedhim ato sipas standardeve tona dhe jemi n\u00eb bashk\u00ebpunim t\u00eb vazhduesh\u00ebm me ta. Disa nga partner\u00ebt m\u00eb t\u00eb r\u00ebnd\u00ebsish\u00ebm jan\u00eb Europetrol etj.<\/span><\/p>\n        <\/div>\n        <div class=\"single-testimonial-items-meta\">\n          <h5 class=\"testimonial-author-name\">Albstar<\/h5>\n                      <div class=\"testimonial-star-ratings\">\n            <i class=\"fa fa-star activeColor mr-1\" aria-hidden=\"true\"><\/i><i class=\"fa fa-star activeColor mr-1\" aria-hidden=\"true\"><\/i><i class=\"fa fa-star activeColor mr-1\" aria-hidden=\"true\"><\/i><i class=\"fa fa-star activeColor mr-1\" aria-hidden=\"true\"><\/i><i class=\"fa fa-star activeColor mr-1\" aria-hidden=\"true\"><\/i>            <\/div>\n                  <\/div>\n      <\/div>\n          <div class=\"single-testimonial-items\">\n        <div class=\"single-testimonial-items-title\">\n          <h3>Suport shum\u00eb i mir\u00eb<\/h3>\n        <\/div>\n        <div class=\"single-testimonial-items-content\">\n          <p><span style=\"color: #ffffff;\">Mb\u00ebshtetja m\u00eb e mir\u00eb q\u00eb kemi pasur ndonj\u00ebher\u00eb. Ne jemi mir\u00ebnjoh\u00ebs q\u00eb ju kemi.<\/span><\/p>\n<div id=\"gtx-trans\" style=\"position: absolute; left: -112px; top: 48px;\">\n<div class=\"gtx-trans-icon\"><\/div>\n<\/div>\n        <\/div>\n        <div class=\"single-testimonial-items-meta\">\n          <h5 class=\"testimonial-author-name\">Gjoka Konstruksion<\/h5>\n                      <div class=\"testimonial-star-ratings\">\n            <i class=\"fa fa-star activeColor mr-1\" aria-hidden=\"true\"><\/i><i class=\"fa fa-star activeColor mr-1\" aria-hidden=\"true\"><\/i><i class=\"fa fa-star activeColor mr-1\" aria-hidden=\"true\"><\/i><i class=\"fa fa-star activeColor mr-1\" aria-hidden=\"true\"><\/i><i class=\"fa fa-star activeColor mr-1\" aria-hidden=\"true\"><\/i>            <\/div>\n                  <\/div>\n      <\/div>\n      <\/div>\n\n[\/vc_column_inner][\/vc_row_inner][\/vc_column][\/vc_row][vc_row full_width=&#8221;stretch_row&#8221; css=&#8221;.vc_custom_1590735333410{padding-top: 96px !important;padding-bottom: 158px !important;background-image: url(http:\/\/pluginspoint.com\/dustrialwp\/wp-content\/uploads\/2020\/05\/testimonial-bg-min.jpg?id=2240) !important;background-position: center !important;background-repeat: no-repeat !important;background-size: cover !important;}&#8221; el_class=&#8221;h2-testimonial-area&#8221;][vc_column][vc_row_inner][vc_column_inner]\n    <div class=\"row d-flex justify-content-center wow fadeInUp\">\n      <div class=\"col-lg-12\">\n        <div class=\" dustrial-stitle-69e4a9c15afc1 section-title-two text-center\">\n          <div class=\"section-two-body\">\n            <h6 class=\"sub-title activeColor\">Testimonial<\/h6>\n           <h3 class=\"main-title\">What Client Say&#039;s<\/h3>\n          <\/div>\n          <div class=\"stock\">\n            <img decoding=\"async\" src=\"https:\/\/europetrolgroup.com\/wp-content\/uploads\/2018\/11\/stock-1-2.png\" alt=\"stock\">\n          <\/div>\n        <\/div>\n      <\/div>\n    <\/div>\n\n    [\/vc_column_inner][\/vc_row_inner][vc_row_inner][vc_column_inner]  <script>\n    jQuery(document).ready(function($) {\n      $(\"#h2-testimonial-items\").owlCarousel({\n        loop: true,\n        margin: 30,\n        responsiveClass: true,\n        navigation: true,\n        navText: [\"<i class='fa fa-angle-left'><\/i>\", \"<i class='fa fa-angle-right'><\/i>\"],\n        nav: false,\n        items: 2,\n        dots: true,\n        autoplay: true,\n        smartSpeed: 1000,\n        autoplayTimeout: 1000,\n        mouseDrag:true,\n        center: false,\n        responsive: {\n            0: {\n                items: 1            },\n            766: {\n                items: 1            },\n            767: {\n                items: 2            },\n            990: {\n                items: 2            },\n            991: {\n                items: 2            }\n        }\n      });\n    });\n  <\/script>\n\n  <div id=\"h2-testimonial-items\" class=\"owl-carousel owl-theme\">\n    \n    <div class=\"item text-center\">\n      <div class=\"item-content\">\n        <div class=\"testimonial-author\">\n          <div class=\"testimonial-author-img mb-3\">\n                      <\/div>\n          <h6 class=\"testimonial-author-name mb-1 text-light\">Hifa Oil<\/h6>\n                    <div class=\"testimonial-reating\">\n            <i class=\"fa fa-star activeColor mr-1\" aria-hidden=\"true\"><\/i><i class=\"fa fa-star activeColor mr-1\" aria-hidden=\"true\"><\/i><i class=\"fa fa-star activeColor mr-1\" aria-hidden=\"true\"><\/i><i class=\"fa fa-star activeColor mr-1\" aria-hidden=\"true\"><\/i><i class=\"fa fa-star activeColor mr-1\" aria-hidden=\"true\"><\/i>          <\/div>\n                <\/div>\n        <div class=\"testimonial-content text-light text-center\">\n          <p><span style=\"color: #ffffff;\">Stafi shum\u00eb cil\u00ebsor dhe miq\u00ebsor. Ata kan\u00eb qen\u00eb fleksib\u00ebl me k\u00ebrkesat tona n\u00eb pun\u00ebt e p\u00ebrditshme.<\/span><\/p>\n        <\/div>\n        <div class=\"quotation\">\n          <i class=\"fa fa-quote-left\" aria-hidden=\"true\"><\/i>\n        <\/div>\n      <\/div>\n    <\/div>\n    \n    <div class=\"item text-center\">\n      <div class=\"item-content\">\n        <div class=\"testimonial-author\">\n          <div class=\"testimonial-author-img mb-3\">\n                      <\/div>\n          <h6 class=\"testimonial-author-name mb-1 text-light\">Albstar<\/h6>\n                    <div class=\"testimonial-reating\">\n            <i class=\"fa fa-star activeColor mr-1\" aria-hidden=\"true\"><\/i><i class=\"fa fa-star activeColor mr-1\" aria-hidden=\"true\"><\/i><i class=\"fa fa-star activeColor mr-1\" aria-hidden=\"true\"><\/i><i class=\"fa fa-star activeColor mr-1\" aria-hidden=\"true\"><\/i><i class=\"fa fa-star activeColor mr-1\" aria-hidden=\"true\"><\/i>          <\/div>\n                <\/div>\n        <div class=\"testimonial-content text-light text-center\">\n          <p><span style=\"color: #ffffff;\">Nj\u00eb aset i r\u00ebnd\u00ebsish\u00ebm i kompanis\u00eb son\u00eb q\u00eb tregon seriozitetin dhe lidhjet q\u00eb kemi n\u00eb treg jan\u00eb partner\u00ebt tan\u00eb, t\u00eb cil\u00ebt jan\u00eb pjes\u00eb p\u00ebrb\u00ebr\u00ebse e kompanis\u00eb son\u00eb dhe na sh\u00ebrbejn\u00eb, me t\u00eb nj\u00ebjt\u00ebn korrekt\u00ebsi dhe seriozitet. Ne i zgjedhim ato sipas standardeve tona dhe jemi n\u00eb bashk\u00ebpunim t\u00eb vazhduesh\u00ebm me ta. Disa nga partner\u00ebt m\u00eb t\u00eb r\u00ebnd\u00ebsish\u00ebm jan\u00eb Europetrol etj.<\/span><\/p>\n        <\/div>\n        <div class=\"quotation\">\n          <i class=\"fa fa-quote-left\" aria-hidden=\"true\"><\/i>\n        <\/div>\n      <\/div>\n    <\/div>\n    \n    <div class=\"item text-center\">\n      <div class=\"item-content\">\n        <div class=\"testimonial-author\">\n          <div class=\"testimonial-author-img mb-3\">\n                      <\/div>\n          <h6 class=\"testimonial-author-name mb-1 text-light\">Gjoka Konstruksion<\/h6>\n                    <div class=\"testimonial-reating\">\n            <i class=\"fa fa-star activeColor mr-1\" aria-hidden=\"true\"><\/i><i class=\"fa fa-star activeColor mr-1\" aria-hidden=\"true\"><\/i><i class=\"fa fa-star activeColor mr-1\" aria-hidden=\"true\"><\/i><i class=\"fa fa-star activeColor mr-1\" aria-hidden=\"true\"><\/i><i class=\"fa fa-star activeColor mr-1\" aria-hidden=\"true\"><\/i>          <\/div>\n                <\/div>\n        <div class=\"testimonial-content text-light text-center\">\n          <p><span style=\"color: #ffffff;\">Mb\u00ebshtetja m\u00eb e mir\u00eb q\u00eb kemi pasur ndonj\u00ebher\u00eb. Ne jemi mir\u00ebnjoh\u00ebs q\u00eb ju kemi.<\/span><\/p>\n<div id=\"gtx-trans\" style=\"position: absolute; left: -112px; top: 48px;\">\n<div class=\"gtx-trans-icon\"><\/div>\n<\/div>\n        <\/div>\n        <div class=\"quotation\">\n          <i class=\"fa fa-quote-left\" aria-hidden=\"true\"><\/i>\n        <\/div>\n      <\/div>\n    <\/div>\n    \n    <div class=\"item text-center\">\n      <div class=\"item-content\">\n        <div class=\"testimonial-author\">\n          <div class=\"testimonial-author-img mb-3\">\n                      <\/div>\n          <h6 class=\"testimonial-author-name mb-1 text-light\">HIB Petrol<\/h6>\n                    <div class=\"testimonial-reating\">\n            <i class=\"fa fa-star activeColor mr-1\" aria-hidden=\"true\"><\/i><i class=\"fa fa-star activeColor mr-1\" aria-hidden=\"true\"><\/i><i class=\"fa fa-star activeColor mr-1\" aria-hidden=\"true\"><\/i><i class=\"fa fa-star activeColor mr-1\" aria-hidden=\"true\"><\/i><i class=\"fa fa-star activeColor mr-1\" aria-hidden=\"true\"><\/i>          <\/div>\n                <\/div>\n        <div class=\"testimonial-content text-light text-center\">\n          <p><span style=\"color: #ffffff;\">Shum\u00eb t\u00eb k\u00ebnaqur me projektet q\u00eb kemi b\u00ebr\u00eb s\u00eb bashku.<\/span><\/p>\n<div id=\"gtx-trans\" style=\"position: absolute; left: -48px; top: 0px;\">\n<div class=\"gtx-trans-icon\"><\/div>\n<\/div>\n        <\/div>\n        <div class=\"quotation\">\n          <i class=\"fa fa-quote-left\" aria-hidden=\"true\"><\/i>\n        <\/div>\n      <\/div>\n    <\/div>\n      <\/div>\n\n[\/vc_column_inner][\/vc_row_inner][\/vc_column][\/vc_row]<\/p>\n","protected":false},"excerpt":{"rendered":"<p>[vc_row full_width=&#8221;stretch_row&#8221; css=&#8221;.vc_custom_1546077509940{padding-top: 95px !important;padding-bottom: 90px !important;background-color: #f4f4f4 !important;background-position: center !important;background-repeat: no-repeat !important;background-size: cover !important;}&#8221;][vc_column][vc_row_inner][vc_column_inner][\/vc_column_inner][\/vc_row_inner][vc_row_inner][vc_column_inner][\/vc_column_inner][\/vc_row_inner][\/vc_column][\/vc_row][vc_row full_width=&#8221;stretch_row&#8221; css=&#8221;.vc_custom_1546957150802{padding-top: 95px !important;padding-bottom: 100px !important;background-color: #0b0b0b !important;background-position: center !important;background-repeat: no-repeat !important;background-size: cover !important;}&#8221;][vc_column][vc_row_inner][vc_column_inner el_class=&#8221;h1-testimonials-area&#8221;][\/vc_column_inner][\/vc_row_inner][vc_row_inner][vc_column_inner][\/vc_column_inner][\/vc_row_inner][\/vc_column][\/vc_row][vc_row full_width=&#8221;stretch_row&#8221; css=&#8221;.vc_custom_1590735333410{padding-top: 96px !important;padding-bottom: 158px !important;background-image: url(http:\/\/pluginspoint.com\/dustrialwp\/wp-content\/uploads\/2020\/05\/testimonial-bg-min.jpg?id=2240) !important;background-position: center !important;background-repeat: no-repeat !important;background-size: cover !important;}&#8221; el_class=&#8221;h2-testimonial-area&#8221;][vc_column][vc_row_inner][vc_column_inner][\/vc_column_inner][\/vc_row_inner][vc_row_inner][vc_column_inner][\/vc_column_inner][\/vc_row_inner][\/vc_column][\/vc_row]<\/p>\n","protected":false},"author":1,"featured_media":0,"parent":0,"menu_order":0,"comment_status":"closed","ping_status":"closed","template":"page-template\/blank-page-sidebar.php","meta":{"footnotes":""},"class_list":["post-412","page","type-page","status-publish","hentry"],"_links":{"self":[{"href":"https:\/\/europetrolgroup.com\/sq\/wp-json\/wp\/v2\/pages\/412","targetHints":{"allow":["GET"]}}],"collection":[{"href":"https:\/\/europetrolgroup.com\/sq\/wp-json\/wp\/v2\/pages"}],"about":[{"href":"https:\/\/europetrolgroup.com\/sq\/wp-json\/wp\/v2\/types\/page"}],"author":[{"embeddable":true,"href":"https:\/\/europetrolgroup.com\/sq\/wp-json\/wp\/v2\/users\/1"}],"replies":[{"embeddable":true,"href":"https:\/\/europetrolgroup.com\/sq\/wp-json\/wp\/v2\/comments?post=412"}],"version-history":[{"count":0,"href":"https:\/\/europetrolgroup.com\/sq\/wp-json\/wp\/v2\/pages\/412\/revisions"}],"wp:attachment":[{"href":"https:\/\/europetrolgroup.com\/sq\/wp-json\/wp\/v2\/media?parent=412"}],"curies":[{"name":"wp","href":"https:\/\/api.w.org\/{rel}","templated":true}]}}