{"id":858,"date":"2018-12-15T12:17:36","date_gmt":"2018-12-15T12:17:36","guid":{"rendered":"http:\/\/pluginspoint.com\/dustrialwp\/?page_id=858"},"modified":"2018-12-15T12:17:36","modified_gmt":"2018-12-15T12:17:36","slug":"service-style-one","status":"publish","type":"page","link":"https:\/\/europetrolgroup.com\/sq\/service-style-one\/","title":{"rendered":"Service Style One"},"content":{"rendered":"<p>[vc_row css=&#8221;.vc_custom_1544876812855{padding-top: 100px !important;padding-bottom: 70px !important;}&#8221;][vc_column]<div class=\"row\">\n\n    \n      <div class=\"col-lg-4  col-md-6\">\n        <div class=\"market-single-items\">\n          <div class=\"market-item-thumb\">\n                          <a href=\"https:\/\/europetrolgroup.com\/sq\/service\/premium-gasoil-10-ppm\/\">\n                <div class=\"img-overlay service-overlay69df050c457f5 style-1 activeColor\">\n                  <i class=\"fa fa-link\" aria-hidden=\"true\"><\/i>\n                <\/div>\n                <img loading=\"lazy\" decoding=\"async\" width=\"362\" height=\"262\" src=\"https:\/\/europetrolgroup.com\/wp-content\/uploads\/2020\/07\/nafta-362x262.jpg\" class=\"img-fluid wp-post-image\" alt=\"\" \/>              <\/a>\n                              <a href=\"https:\/\/europetrolgroup.com\/sq\/service\/premium-gasoil-10-ppm\/\">\n                  <div class=\"shape\"><\/div>\n                  <div class=\"categories\">\n                    <i class=\"fa fa-tint\"><\/i>\n                  <\/div>\n                <\/a>\n                        <\/div>\n          <div class=\"market-item-details\">\n            <a href=\"https:\/\/europetrolgroup.com\/sq\/service\/premium-gasoil-10-ppm\/\">Premium Gasoil 10 ppm (nafta)<\/a>\n            <p class=\"card-text\">[vc_row][vc_column][vc_column_text]P\u00ebrb\u00ebr\u00ebsit kryesor\u00eb t\u00eb naft\u00ebs jan\u00eb hidrokarburet. Kryesisht arenet, alkanet dhe cikloalkanet. N\u00eb naft\u00eb gjenden dhe komponime q\u00eb p\u00ebmbajn\u00eb oksigjen, azot dhe squfur. Komponimet e<\/p>\n          <\/div>\n        <\/div>\n      <\/div>\n\n      \n  \n      <div class=\"col-lg-4  col-md-6\">\n        <div class=\"market-single-items\">\n          <div class=\"market-item-thumb\">\n                          <a href=\"https:\/\/europetrolgroup.com\/sq\/service\/jet-fuel-a1\/\">\n                <div class=\"img-overlay service-overlay69df050c457f5 style-1 activeColor\">\n                  <i class=\"fa fa-link\" aria-hidden=\"true\"><\/i>\n                <\/div>\n                <img loading=\"lazy\" decoding=\"async\" width=\"362\" height=\"262\" src=\"https:\/\/europetrolgroup.com\/wp-content\/uploads\/2019\/01\/permas-e-madhe-362x262.jpg\" class=\"img-fluid wp-post-image\" alt=\"\" \/>              <\/a>\n                              <a href=\"https:\/\/europetrolgroup.com\/sq\/service\/jet-fuel-a1\/\">\n                  <div class=\"shape\"><\/div>\n                  <div class=\"categories\">\n                    <i class=\"fa fa-fighter-jet\"><\/i>\n                  <\/div>\n                <\/a>\n                        <\/div>\n          <div class=\"market-item-details\">\n            <a href=\"https:\/\/europetrolgroup.com\/sq\/service\/jet-fuel-a1\/\">Jet Fuel A1<\/a>\n            <p class=\"card-text\">[vc_row][vc_column][vc_column_text]Karburanti i avion\u00ebve ose karburanti i turbinave t\u00eb aviacionit \u00ebsht\u00eb nj\u00eb lloj i karburantit t\u00eb aviacionit i projektuar p\u00ebr p\u00ebrdorim n\u00eb aeroplan t\u00eb mund\u00ebsuar<\/p>\n          <\/div>\n        <\/div>\n      <\/div>\n\n      \n  \n      <div class=\"col-lg-4  col-md-6\">\n        <div class=\"market-single-items\">\n          <div class=\"market-item-thumb\">\n                          <a href=\"https:\/\/europetrolgroup.com\/sq\/service\/bitum\/\">\n                <div class=\"img-overlay service-overlay69df050c457f5 style-1 activeColor\">\n                  <i class=\"fa fa-link\" aria-hidden=\"true\"><\/i>\n                <\/div>\n                <img loading=\"lazy\" decoding=\"async\" width=\"362\" height=\"262\" src=\"https:\/\/europetrolgroup.com\/wp-content\/uploads\/2019\/01\/bitumi-362x262.jpeg\" class=\"img-fluid wp-post-image\" alt=\"bitumi\" \/>              <\/a>\n                              <a href=\"https:\/\/europetrolgroup.com\/sq\/service\/bitum\/\">\n                  <div class=\"shape\"><\/div>\n                  <div class=\"categories\">\n                    <i class=\"fa fa-road\"><\/i>\n                  <\/div>\n                <\/a>\n                        <\/div>\n          <div class=\"market-item-details\">\n            <a href=\"https:\/\/europetrolgroup.com\/sq\/service\/bitum\/\">Bitum<\/a>\n            <p class=\"card-text\">[vc_row][vc_column][vc_column_text]Bitumi\u00a0\u00ebsht\u00eb nj\u00eb minerat natyror. Bitum i zi, i ngurt\u00eb ose gjysm\u00eb i ngurt\u00eb, q\u00eb shkrin n\u00eb temp. mbi 110\u00b0C, p\u00ebrb\u00ebhet pothuaj krejt\u00ebsisht nga karbon<\/p>\n          <\/div>\n        <\/div>\n      <\/div>\n\n      \n  \n      <div class=\"col-lg-4  col-md-6\">\n        <div class=\"market-single-items\">\n          <div class=\"market-item-thumb\">\n                          <a href=\"https:\/\/europetrolgroup.com\/sq\/service\/premium-unleaded-ron-95\/\">\n                <div class=\"img-overlay service-overlay69df050c457f5 style-1 activeColor\">\n                  <i class=\"fa fa-link\" aria-hidden=\"true\"><\/i>\n                <\/div>\n                <img loading=\"lazy\" decoding=\"async\" width=\"362\" height=\"262\" src=\"https:\/\/europetrolgroup.com\/wp-content\/uploads\/2019\/01\/95-1-362x262.jpg\" class=\"img-fluid wp-post-image\" alt=\"\" \/>              <\/a>\n                              <a href=\"https:\/\/europetrolgroup.com\/sq\/service\/premium-unleaded-ron-95\/\">\n                  <div class=\"shape\"><\/div>\n                  <div class=\"categories\">\n                    <i class=\"flaticon-flight\"><\/i>\n                  <\/div>\n                <\/a>\n                        <\/div>\n          <div class=\"market-item-details\">\n            <a href=\"https:\/\/europetrolgroup.com\/sq\/service\/premium-unleaded-ron-95\/\">Premium Unleaded Ron 95<\/a>\n            <p class=\"card-text\">[vc_row][vc_column][vc_column_text]Premium 95 \u00ebsht\u00eb nj\u00eb l\u00ebnd\u00eb djeg\u00ebse me nj\u00eb renditje t\u00eb oktanit prej 95 (RON). Premium 95 krijon nj\u00eb funksionim m\u00eb t\u00eb mir\u00eb t\u00eb motorit,<\/p>\n          <\/div>\n        <\/div>\n      <\/div>\n\n      \n  \n      <div class=\"col-lg-4  col-md-6\">\n        <div class=\"market-single-items\">\n          <div class=\"market-item-thumb\">\n                          <a href=\"https:\/\/europetrolgroup.com\/sq\/service\/premium-unleaded-10-ppm-ron-100\/\">\n                <div class=\"img-overlay service-overlay69df050c457f5 style-1 activeColor\">\n                  <i class=\"fa fa-link\" aria-hidden=\"true\"><\/i>\n                <\/div>\n                <img loading=\"lazy\" decoding=\"async\" width=\"362\" height=\"262\" src=\"https:\/\/europetrolgroup.com\/wp-content\/uploads\/2019\/01\/e-fundit-1-362x262.jpg\" class=\"img-fluid wp-post-image\" alt=\"\" \/>              <\/a>\n                              <a href=\"https:\/\/europetrolgroup.com\/sq\/service\/premium-unleaded-10-ppm-ron-100\/\">\n                  <div class=\"shape\"><\/div>\n                  <div class=\"categories\">\n                    <i class=\"flaticon-oil-platform\"><\/i>\n                  <\/div>\n                <\/a>\n                        <\/div>\n          <div class=\"market-item-details\">\n            <a href=\"https:\/\/europetrolgroup.com\/sq\/service\/premium-unleaded-10-ppm-ron-100\/\">Premium Unleaded Ron 100<\/a>\n            <p class=\"card-text\">[vc_row][vc_column][vc_column_text][\/vc_column_text][\/vc_column][\/vc_row][vc_row][vc_column][vc_column_text css=&#8221;.vc_custom_1594634850770{margin-bottom: 0px !important;}&#8221;]Duke qen\u00eb nj\u00eb kompani e njohur n\u00eb rajon dhe m\u00eb gjer\u00eb, produktet EiDA importohen nga disa vende, duke filluar nga Italia,<\/p>\n          <\/div>\n        <\/div>\n      <\/div>\n\n      \n  \n      <div class=\"col-lg-4  col-md-6\">\n        <div class=\"market-single-items\">\n          <div class=\"market-item-thumb\">\n                          <a href=\"https:\/\/europetrolgroup.com\/sq\/service\/fuel-oil-1-0\/\">\n                <div class=\"img-overlay service-overlay69df050c457f5 style-1 activeColor\">\n                  <i class=\"fa fa-link\" aria-hidden=\"true\"><\/i>\n                <\/div>\n                <img loading=\"lazy\" decoding=\"async\" width=\"362\" height=\"262\" src=\"https:\/\/europetrolgroup.com\/wp-content\/uploads\/2019\/01\/fuel-362x262.jpg\" class=\"img-fluid wp-post-image\" alt=\"\" \/>              <\/a>\n                              <a href=\"https:\/\/europetrolgroup.com\/sq\/service\/fuel-oil-1-0\/\">\n                  <div class=\"shape\"><\/div>\n                  <div class=\"categories\">\n                    <i class=\"flaticon-oil-platform\"><\/i>\n                  <\/div>\n                <\/a>\n                        <\/div>\n          <div class=\"market-item-details\">\n            <a href=\"https:\/\/europetrolgroup.com\/sq\/service\/fuel-oil-1-0\/\">Fuel Oil 1.0%<\/a>\n            <p class=\"card-text\">[vc_row][vc_column][vc_column_text]Number\u00a01 fuel oil\u00a0is a volatile distillate\u00a0oil intended for vaporizing pot-type burners. It is the kerosene refinery cut that boils off immediately after the heavy<\/p>\n          <\/div>\n        <\/div>\n      <\/div>\n\n      \n  <\/div>\n\n[\/vc_column][\/vc_row]<\/p>\n","protected":false},"excerpt":{"rendered":"<p>[vc_row css=&#8221;.vc_custom_1544876812855{padding-top: 100px !important;padding-bottom: 70px !important;}&#8221;][vc_column][\/vc_column][\/vc_row]<\/p>\n","protected":false},"author":1,"featured_media":0,"parent":0,"menu_order":0,"comment_status":"closed","ping_status":"closed","template":"page-template\/blank-page-sidebar.php","meta":{"footnotes":""},"class_list":["post-858","page","type-page","status-publish","hentry"],"_links":{"self":[{"href":"https:\/\/europetrolgroup.com\/sq\/wp-json\/wp\/v2\/pages\/858","targetHints":{"allow":["GET"]}}],"collection":[{"href":"https:\/\/europetrolgroup.com\/sq\/wp-json\/wp\/v2\/pages"}],"about":[{"href":"https:\/\/europetrolgroup.com\/sq\/wp-json\/wp\/v2\/types\/page"}],"author":[{"embeddable":true,"href":"https:\/\/europetrolgroup.com\/sq\/wp-json\/wp\/v2\/users\/1"}],"replies":[{"embeddable":true,"href":"https:\/\/europetrolgroup.com\/sq\/wp-json\/wp\/v2\/comments?post=858"}],"version-history":[{"count":0,"href":"https:\/\/europetrolgroup.com\/sq\/wp-json\/wp\/v2\/pages\/858\/revisions"}],"wp:attachment":[{"href":"https:\/\/europetrolgroup.com\/sq\/wp-json\/wp\/v2\/media?parent=858"}],"curies":[{"name":"wp","href":"https:\/\/api.w.org\/{rel}","templated":true}]}}